{"id":116,"date":"2025-12-08T16:12:47","date_gmt":"2025-12-08T21:12:47","guid":{"rendered":"https:\/\/graciebarra.com\/kirkland-ca\/?page_id=116"},"modified":"2025-12-08T16:17:00","modified_gmt":"2025-12-08T21:17:00","slug":"francais","status":"publish","type":"page","link":"https:\/\/graciebarra.com\/kirkland-ca\/francais\/","title":{"rendered":"FR"},"content":{"rendered":"<p>Gracie Barra est une organisation mondiale vou\u00e9e \u00e0 l\u2019enseignement du jiu-jitsu br\u00e9silien, dans plus de 800 \u00e9coles \u00e0 travers le monde. Chaque \u00e9cole a pour objectif de r\u00e9aliser la vision du Ma\u00eetre Carlos Gracie Jr. d\u2019apporter les bienfaits des arts martiaux \u00e0 tous.<\/p>\n<p><em><strong>\u00ab\u00a0Ma vie est d\u00e9di\u00e9e au jiu-jitsu. Tout en respectant l\u2019essence de notre art, j\u2019avais pour simple objectif de construire une fraternit\u00e9 qui jouerait un r\u00f4le important dans l\u2019expansion du JJB. Mes \u00e9l\u00e8ves sont un prolongement de ma famille. Je veux que chacun d\u2019entre eux puisse d\u00e9ployer son potentiel et participer au rayonnement du jiu-jitsu. Nous devons faire cela en honorant les traditions et les efforts de ceux qui nous ont pr\u00e9c\u00e9d\u00e9s.\u00a0\u00bb<\/strong><\/em><strong>\u2013 Carlos Gracie Jr.<\/strong><\/p>\n<figure class=\"wp-block-image aligncenter\"><img decoding=\"async\" class=\"wp-image-111 lazyloaded\" src=\"http:\/\/fr.gbmontreal.ca\/wp-content\/uploads\/2017\/05\/master-carlos.jpg\" alt=\"jiu-jitsu br\u00e9silien montreal master carlos gracie barra\" data-src=\"http:\/\/fr.gbmontreal.ca\/wp-content\/uploads\/2017\/05\/master-carlos.jpg\" \/><\/figure>\n<p>Une \u00e9cole GB n\u2019est pas un club de combat ou une salle de sport ordinaire o\u00f9 les \u00e9l\u00e8ves se sentent souvent intimid\u00e9s et ne sont pas accueillis. Au contraire, la structure tout \u00e0 fait unique de nos cours permet d\u2019acc\u00e9l\u00e9rer le processus d\u2019apprentissage du jiu-jitsu br\u00e9silien, particuli\u00e8rement lorsque vous d\u00e9butez. C\u2019est, entre autres, ce qui nous distingue des autres \u00e9coles.<\/p>\n<p>Au-del\u00e0 de la pratique concr\u00e8te de techniques de combat, comme l\u2019\u00e9tranglement et le ramassement de bras, une \u00e9cole Gracie Barra est une petite communaut\u00e9 b\u00e2tie sur la coop\u00e9ration. Nous croyons que c\u2019est seulement de cette fa\u00e7on, avec l\u2019esprit de coop\u00e9ration, qu\u2019il est possible de nous am\u00e9liorer. Par cons\u00e9quent, notre partenaire d\u2019entra\u00eenement est l\u2019atout le plus important de l\u2019entra\u00eenement.<\/p>\n<hr class=\"wp-block-separator has-alpha-channel-opacity\" \/>\n<p><strong>Qu\u2019est-ce que l\u2019\u00e9cole Gracie Barra Kirkland Jiu-Jitsu br\u00e9silien\u00a0?<\/strong><\/p>\n<p>Les bienfaits que vous viendrez chercher \u00e0 Gracie\u00a0Barra\u00a0Kirkland Jiu-Jitsu\u00a0br\u00e9silien sont multiples et toucheront tous les aspects de votre vie. \u00c0 Gracie Barra Kirkland, nos \u00e9l\u00e8ves deviennent des leaders. La pratique des arts martiaux nourrit votre ind\u00e9pendance d\u2019esprit, soutient votre esprit combattant et aide \u00e0 atteindre vos objectifs personnels JJB.<\/p>\n<p>Gr\u00e2ce \u00e0 GB JJB, vous commencerez \u00e0 vous conna\u00eetre v\u00e9ritablement\u2009; que ce soit sur le tapis ou en dehors, parfois de mani\u00e8re inattendue. Vous testerez vos limites et vous atteindrez le meilleur de vous-m\u00eame. GB respecte le fait que chaque \u00e9l\u00e8ve a ses propres objectifs, c\u2019est pourquoi nous vous appuyons dans l\u2019atteinte de ceux-ci. Plus vous vous entra\u00eenerez, meilleur vous deviendrez. C\u2019est de cette fa\u00e7on que vous atteindrez enti\u00e8rement votre vrai potentiel dans la vie.<\/p>\n<figure class=\"wp-block-image aligncenter\"><img decoding=\"async\" class=\"wp-image-101 lazyloaded\" src=\"http:\/\/fr.gbmontreal.ca\/wp-content\/uploads\/2017\/05\/gb_values.jpg\" alt=\"jiu-jitsu br\u00e9silien montreal gracie barra bruno fernandes\" data-src=\"http:\/\/fr.gbmontreal.ca\/wp-content\/uploads\/2017\/05\/gb_values.jpg\" \/><\/figure>\n<p>GB JJB s\u2019adresse \u00e0 tous ceux et celles qui d\u00e9sirent apprendre \u00e0 se d\u00e9fendre pendant le combat. Par contre, ce que la plupart des gens ignorent, c\u2019est que le jiu-jitsu vous permettra aussi d\u2019appliquer ces m\u00eames principes dans diff\u00e9rents aspects de votre vie, par exemple\u00a0: les batailles au quotidien, la perte de poids, le stress, les conflits relationnels et la confiance en vous. Vous apprendrez ainsi \u00e0 faire face aux probl\u00e8mes de mani\u00e8re plus constructive qu\u2019auparavant, et ce, dans la salle d\u2019entra\u00eenement comme en dehors.<\/p>\n<p>Pour d\u00e9couvrir nos programmes,\u00a0<a href=\"http:\/\/fr.gbmontreal.ca\/programmes\/\"><u>cliquez\u00a0ici<\/u>.<\/a><\/p>\n<p>\u00c0 GB JJB vous faites partie d\u2019une grande famille. Vous vous joindrez \u00e0 une \u00e9quipe qui vous accompagnera dans votre qu\u00eate de d\u00e9veloppement personnel. En pratiquant les techniques et en participant aux s\u00e9ances d\u2019entra\u00eenement en direct, avec vos coll\u00e8gues et vos\u00a0<a href=\"http:\/\/fr.gbmontreal.ca\/instructeurs\/\">instructeurs<\/a>, vous aurez \u00e0 votre disposition un arsenal d\u2019armes que vous pourrez utiliser dans n\u2019importe quelles situations et lorsque vous en sentirez le besoin. Plus vous vous entra\u00eenerez, plus vous vous armerez de connaissances et d\u2019aptitudes, afin de faire face, comme une ceinture noire, \u00e0 toutes les batailles de votre vie.<\/p>\n<figure class=\"wp-block-image aligncenter\"><img decoding=\"async\" class=\"wp-image-375 lazyloaded\" src=\"http:\/\/www.fr.gbmontreal.ca\/wp-content\/uploads\/2018\/08\/gb_values2.jpg\" alt=\"\" data-src=\"http:\/\/www.fr.gbmontreal.ca\/wp-content\/uploads\/2018\/08\/gb_values2.jpg\" \/><\/figure>\n<p><strong>Les installations \u00e0 notre \u00e9cole de JJB :<\/strong><\/p>\n<ul class=\"wp-block-list\">\n<li>Espace d\u2019entra\u00eenement recouvert de 1\u2009500 pieds carr\u00e9s de surface de tapis<\/li>\n<li>Tapis de 2 pouces d\u2019\u00e9paisseur pour votre confort et votre s\u00e9curit\u00e9 (les meilleurs de l\u2019industrie).<\/li>\n<li>Douches avec eau chaude<\/li>\n<li>Vestiaires pour hommes et pour femmes<\/li>\n<li>Service de location GI<\/li>\n<li>Magasin d\u2019articles de sport destin\u00e9s aux professionnels (Pro-shop)<\/li>\n<li>Stationnements faciles d\u2019acc\u00e8s aux alentours<\/li>\n<\/ul>\n","protected":false},"excerpt":{"rendered":"<p>Gracie Barra est une organisation mondiale vou\u00e9e \u00e0 l\u2019enseignement du jiu-jitsu br\u00e9silien, dans plus de 800 \u00e9coles \u00e0 travers le monde. Chaque \u00e9cole a pour objectif de r\u00e9aliser la vision du Ma\u00eetre Carlos Gracie Jr. d\u2019apporter les bienfaits des arts martiaux \u00e0 tous. \u00ab\u00a0Ma vie est d\u00e9di\u00e9e au jiu-jitsu. Tout en respectant l\u2019essence de notre [&hellip;]&#8230;<\/p>\n","protected":false},"author":197,"featured_media":0,"parent":0,"menu_order":0,"comment_status":"closed","ping_status":"closed","template":"","meta":{"footnotes":""},"class_list":["post-116","page","type-page","status-publish","hentry"],"yoast_head":"<!-- This site is optimized with the Yoast SEO plugin v27.0 - https:\/\/yoast.com\/product\/yoast-seo-wordpress\/ -->\n<title>Fran\u00e7ais<\/title>\n<meta name=\"robots\" content=\"index, follow, max-snippet:-1, max-image-preview:large, max-video-preview:-1\" \/>\n<link rel=\"canonical\" href=\"https:\/\/graciebarra.com\/kirkland-ca\/francais\/\" \/>\n<meta property=\"og:locale\" content=\"en_US\" \/>\n<meta property=\"og:type\" content=\"article\" \/>\n<meta property=\"og:title\" content=\"FR - Kirkland Canada\" \/>\n<meta property=\"og:description\" content=\"Gracie Barra est une organisation mondiale vou\u00e9e \u00e0 l\u2019enseignement du jiu-jitsu br\u00e9silien, dans plus de 800 \u00e9coles \u00e0 travers le monde. Chaque \u00e9cole a pour objectif de r\u00e9aliser la vision du Ma\u00eetre Carlos Gracie Jr. d\u2019apporter les bienfaits des arts martiaux \u00e0 tous. \u00ab\u00a0Ma vie est d\u00e9di\u00e9e au jiu-jitsu. Tout en respectant l\u2019essence de notre [&hellip;]...\" \/>\n<meta property=\"og:url\" content=\"https:\/\/graciebarra.com\/kirkland-ca\/francais\/\" \/>\n<meta property=\"og:site_name\" content=\"Kirkland Canada\" \/>\n<meta property=\"article:modified_time\" content=\"2025-12-08T21:17:00+00:00\" \/>\n<meta name=\"twitter:card\" content=\"summary_large_image\" \/>\n<meta name=\"twitter:label1\" content=\"Est. reading time\" \/>\n\t<meta name=\"twitter:data1\" content=\"4 minutes\" \/>\n<script type=\"application\/ld+json\" class=\"yoast-schema-graph\">{\"@context\":\"https:\/\/schema.org\",\"@graph\":[{\"@type\":\"WebPage\",\"@id\":\"https:\/\/graciebarra.com\/kirkland-ca\/francais\/\",\"url\":\"https:\/\/graciebarra.com\/kirkland-ca\/francais\/\",\"name\":\"FR - Kirkland Canada\",\"isPartOf\":{\"@id\":\"https:\/\/graciebarra.com\/kirkland-ca\/#website\"},\"primaryImageOfPage\":{\"@id\":\"https:\/\/graciebarra.com\/kirkland-ca\/francais\/#primaryimage\"},\"image\":{\"@id\":\"https:\/\/graciebarra.com\/kirkland-ca\/francais\/#primaryimage\"},\"thumbnailUrl\":\"http:\/\/fr.gbmontreal.ca\/wp-content\/uploads\/2017\/05\/master-carlos.jpg\",\"datePublished\":\"2025-12-08T21:12:47+00:00\",\"dateModified\":\"2025-12-08T21:17:00+00:00\",\"breadcrumb\":{\"@id\":\"https:\/\/graciebarra.com\/kirkland-ca\/francais\/#breadcrumb\"},\"inLanguage\":\"en-US\",\"potentialAction\":[{\"@type\":\"ReadAction\",\"target\":[\"https:\/\/graciebarra.com\/kirkland-ca\/francais\/\"]}]},{\"@type\":\"ImageObject\",\"inLanguage\":\"en-US\",\"@id\":\"https:\/\/graciebarra.com\/kirkland-ca\/francais\/#primaryimage\",\"url\":\"http:\/\/fr.gbmontreal.ca\/wp-content\/uploads\/2017\/05\/master-carlos.jpg\",\"contentUrl\":\"http:\/\/fr.gbmontreal.ca\/wp-content\/uploads\/2017\/05\/master-carlos.jpg\"},{\"@type\":\"BreadcrumbList\",\"@id\":\"https:\/\/graciebarra.com\/kirkland-ca\/francais\/#breadcrumb\",\"itemListElement\":[{\"@type\":\"ListItem\",\"position\":1,\"name\":\"Home\",\"item\":\"https:\/\/graciebarra.com\/kirkland-ca\/\"},{\"@type\":\"ListItem\",\"position\":2,\"name\":\"FR\"}]},{\"@type\":\"WebSite\",\"@id\":\"https:\/\/graciebarra.com\/kirkland-ca\/#website\",\"url\":\"https:\/\/graciebarra.com\/kirkland-ca\/\",\"name\":\"Kirkland Canada\",\"description\":\"\",\"publisher\":{\"@id\":\"https:\/\/graciebarra.com\/kirkland-ca\/#organization\"},\"potentialAction\":[{\"@type\":\"SearchAction\",\"target\":{\"@type\":\"EntryPoint\",\"urlTemplate\":\"https:\/\/graciebarra.com\/kirkland-ca\/?s={search_term_string}\"},\"query-input\":{\"@type\":\"PropertyValueSpecification\",\"valueRequired\":true,\"valueName\":\"search_term_string\"}}],\"inLanguage\":\"en-US\"},{\"@type\":\"Organization\",\"@id\":\"https:\/\/graciebarra.com\/kirkland-ca\/#organization\",\"name\":\"Kirkland Canada\",\"url\":\"https:\/\/graciebarra.com\/kirkland-ca\/\",\"logo\":{\"@type\":\"ImageObject\",\"inLanguage\":\"en-US\",\"@id\":\"https:\/\/graciebarra.com\/kirkland-ca\/#\/schema\/logo\/image\/\",\"url\":\"\",\"contentUrl\":\"\",\"caption\":\"Kirkland Canada\"},\"image\":{\"@id\":\"https:\/\/graciebarra.com\/kirkland-ca\/#\/schema\/logo\/image\/\"}}]}<\/script>\n<!-- \/ Yoast SEO plugin. -->","yoast_head_json":{"title":"Fran\u00e7ais","robots":{"index":"index","follow":"follow","max-snippet":"max-snippet:-1","max-image-preview":"max-image-preview:large","max-video-preview":"max-video-preview:-1"},"canonical":"https:\/\/graciebarra.com\/kirkland-ca\/francais\/","og_locale":"en_US","og_type":"article","og_title":"FR - Kirkland Canada","og_description":"Gracie Barra est une organisation mondiale vou\u00e9e \u00e0 l\u2019enseignement du jiu-jitsu br\u00e9silien, dans plus de 800 \u00e9coles \u00e0 travers le monde. Chaque \u00e9cole a pour objectif de r\u00e9aliser la vision du Ma\u00eetre Carlos Gracie Jr. d\u2019apporter les bienfaits des arts martiaux \u00e0 tous. \u00ab\u00a0Ma vie est d\u00e9di\u00e9e au jiu-jitsu. Tout en respectant l\u2019essence de notre [&hellip;]...","og_url":"https:\/\/graciebarra.com\/kirkland-ca\/francais\/","og_site_name":"Kirkland Canada","article_modified_time":"2025-12-08T21:17:00+00:00","twitter_card":"summary_large_image","twitter_misc":{"Est. reading time":"4 minutes"},"schema":{"@context":"https:\/\/schema.org","@graph":[{"@type":"WebPage","@id":"https:\/\/graciebarra.com\/kirkland-ca\/francais\/","url":"https:\/\/graciebarra.com\/kirkland-ca\/francais\/","name":"FR - Kirkland Canada","isPartOf":{"@id":"https:\/\/graciebarra.com\/kirkland-ca\/#website"},"primaryImageOfPage":{"@id":"https:\/\/graciebarra.com\/kirkland-ca\/francais\/#primaryimage"},"image":{"@id":"https:\/\/graciebarra.com\/kirkland-ca\/francais\/#primaryimage"},"thumbnailUrl":"http:\/\/fr.gbmontreal.ca\/wp-content\/uploads\/2017\/05\/master-carlos.jpg","datePublished":"2025-12-08T21:12:47+00:00","dateModified":"2025-12-08T21:17:00+00:00","breadcrumb":{"@id":"https:\/\/graciebarra.com\/kirkland-ca\/francais\/#breadcrumb"},"inLanguage":"en-US","potentialAction":[{"@type":"ReadAction","target":["https:\/\/graciebarra.com\/kirkland-ca\/francais\/"]}]},{"@type":"ImageObject","inLanguage":"en-US","@id":"https:\/\/graciebarra.com\/kirkland-ca\/francais\/#primaryimage","url":"http:\/\/fr.gbmontreal.ca\/wp-content\/uploads\/2017\/05\/master-carlos.jpg","contentUrl":"http:\/\/fr.gbmontreal.ca\/wp-content\/uploads\/2017\/05\/master-carlos.jpg"},{"@type":"BreadcrumbList","@id":"https:\/\/graciebarra.com\/kirkland-ca\/francais\/#breadcrumb","itemListElement":[{"@type":"ListItem","position":1,"name":"Home","item":"https:\/\/graciebarra.com\/kirkland-ca\/"},{"@type":"ListItem","position":2,"name":"FR"}]},{"@type":"WebSite","@id":"https:\/\/graciebarra.com\/kirkland-ca\/#website","url":"https:\/\/graciebarra.com\/kirkland-ca\/","name":"Kirkland Canada","description":"","publisher":{"@id":"https:\/\/graciebarra.com\/kirkland-ca\/#organization"},"potentialAction":[{"@type":"SearchAction","target":{"@type":"EntryPoint","urlTemplate":"https:\/\/graciebarra.com\/kirkland-ca\/?s={search_term_string}"},"query-input":{"@type":"PropertyValueSpecification","valueRequired":true,"valueName":"search_term_string"}}],"inLanguage":"en-US"},{"@type":"Organization","@id":"https:\/\/graciebarra.com\/kirkland-ca\/#organization","name":"Kirkland Canada","url":"https:\/\/graciebarra.com\/kirkland-ca\/","logo":{"@type":"ImageObject","inLanguage":"en-US","@id":"https:\/\/graciebarra.com\/kirkland-ca\/#\/schema\/logo\/image\/","url":"","contentUrl":"","caption":"Kirkland Canada"},"image":{"@id":"https:\/\/graciebarra.com\/kirkland-ca\/#\/schema\/logo\/image\/"}}]}},"_links":{"self":[{"href":"https:\/\/graciebarra.com\/kirkland-ca\/wp-json\/wp\/v2\/pages\/116","targetHints":{"allow":["GET"]}}],"collection":[{"href":"https:\/\/graciebarra.com\/kirkland-ca\/wp-json\/wp\/v2\/pages"}],"about":[{"href":"https:\/\/graciebarra.com\/kirkland-ca\/wp-json\/wp\/v2\/types\/page"}],"author":[{"embeddable":true,"href":"https:\/\/graciebarra.com\/kirkland-ca\/wp-json\/wp\/v2\/users\/197"}],"replies":[{"embeddable":true,"href":"https:\/\/graciebarra.com\/kirkland-ca\/wp-json\/wp\/v2\/comments?post=116"}],"version-history":[{"count":2,"href":"https:\/\/graciebarra.com\/kirkland-ca\/wp-json\/wp\/v2\/pages\/116\/revisions"}],"predecessor-version":[{"id":120,"href":"https:\/\/graciebarra.com\/kirkland-ca\/wp-json\/wp\/v2\/pages\/116\/revisions\/120"}],"wp:attachment":[{"href":"https:\/\/graciebarra.com\/kirkland-ca\/wp-json\/wp\/v2\/media?parent=116"}],"curies":[{"name":"wp","href":"https:\/\/api.w.org\/{rel}","templated":true}]}}